{"id":7,"date":"2025-06-05T14:14:55","date_gmt":"2025-06-05T12:14:55","guid":{"rendered":"https:\/\/terroir-solidaire.org\/?page_id=7"},"modified":"2025-06-05T18:17:56","modified_gmt":"2025-06-05T16:17:56","slug":"qui-sommes-nous","status":"publish","type":"page","link":"https:\/\/terroir-solidaire.org\/index.php\/qui-sommes-nous\/","title":{"rendered":"Qui sommes nous?"},"content":{"rendered":"\n<h5 class=\"wp-block-heading\">Trois Associations ind\u00e9pendantes:<\/h5>\n\n\n\n<p>Le&nbsp;<strong>Relais Saint Martin<\/strong>,&nbsp;<br><strong>La Parenth\u00e8se<\/strong>,&nbsp;<br><strong>Solidarit\u00e9 \u2013 \u00c9coute- Conseil \u2013 Accompagnement, SECA.&nbsp;<\/strong><\/p>\n\n\n<div class=\"wp-block-image\">\n<figure class=\"alignleft size-full is-resized\"><img loading=\"lazy\" decoding=\"async\" width=\"512\" height=\"512\" src=\"https:\/\/terroir-solidaire.org\/wp-content\/uploads\/2025\/06\/cropped-TerroirSolidaire.png\" alt=\"\" class=\"wp-image-41\" style=\"width:188px;height:auto\" srcset=\"https:\/\/terroir-solidaire.org\/wp-content\/uploads\/2025\/06\/cropped-TerroirSolidaire.png 512w, https:\/\/terroir-solidaire.org\/wp-content\/uploads\/2025\/06\/cropped-TerroirSolidaire-300x300.png 300w, https:\/\/terroir-solidaire.org\/wp-content\/uploads\/2025\/06\/cropped-TerroirSolidaire-150x150.png 150w\" sizes=\"auto, (max-width: 512px) 100vw, 512px\" \/><\/figure>\n<\/div>\n\n\n<p>Fond\u00e9es par des Femmes et des Hommes vivant sur un m\u00eame territoire, et souhaitant additionner leurs moyens et leurs comp\u00e9tences pour promouvoir une d\u00e9mocratie d\u2019implication locale et citoyenne au profit d\u2019une communaut\u00e9 qui n\u2019oublie personne.<\/p>\n\n\n\n<p>Cr\u00e9\u00e9es entre 1996 et 2012,&nbsp;<strong>ces trois associations aux missions diff\u00e9rentes&nbsp;se sont, en fait, r\u00e9v\u00e9l\u00e9es compl\u00e9mentaires.<\/strong><br>Elles constituent des outils r\u00e9actifs qui viennent en appui des aides institutionnelles.<\/p>\n\n\n\n<hr class=\"wp-block-separator has-text-color has-alpha-channel-opacity has-background\" style=\"background-color:#f8cf56;color:#f8cf56\"\/>\n\n\n\n<h5 class=\"wp-block-heading\">Notre zone d\u2019activit\u00e9<\/h5>\n\n\n\n<p>Les trois Associations ont, pour l\u2019instant, volontairement limit\u00e9 leur zone d\u2019activit\u00e9 \u00e0 <strong>la Communaut\u00e9 de Communes de la C\u00f4te d\u2019Alb\u00e2tre<\/strong>. Ce territoire volontairement cantonn\u00e9, qui compte <strong>28 000&nbsp;habitants<\/strong>,&nbsp;permet de limiter les frais de fonctionnement, de r\u00e9duire les temps d\u2019intervention, et d\u2019utiliser au mieux, en raison de la proximit\u00e9 des Intervenants le principe de compl\u00e9mentarit\u00e9 des comp\u00e9tences.<strong> Mais, statutairement, rien ne leur interdit d\u2019\u00e9largir leur zone d\u2019activit\u00e9.<\/strong><\/p>\n\n\n\n<hr class=\"wp-block-separator has-text-color has-alpha-channel-opacity has-background\" style=\"background-color:#f8cf56;color:#f8cf56\"\/>\n\n\n\n<h5 class=\"wp-block-heading\">Constat et motivation<\/h5>\n\n\n\n<p><strong>Les mutations rapides&nbsp;de notre soci\u00e9t\u00e9<\/strong> (remise en cause des valeurs, \u00e9volution de nos habitudes de vie, bouleversements technologiques, etc.), <strong>rendent la compr\u00e9hension de son fonctionnement de plus en plus difficile pour beaucoup d\u2019entre nous. <\/strong>Ces \u00e9volutions g\u00e9n\u00e8rent des situations d\u2019injustice, qui, sans \u00eatre toujours le r\u00e9sultat de volont\u00e9s d\u00e9lib\u00e9r\u00e9es, \u00e9loignent les Humains les uns des autres et parfois les opposent. Ces injustices r\u00e9duisent la possibilit\u00e9 d\u2019un monde plus apais\u00e9. Elles rendent difficile l\u2019acc\u00e8s aux droits et refusent \u00e0 beaucoup, la possibilit\u00e9 de participer \u00e0 la vie de la cit\u00e9. Dans nos soci\u00e9t\u00e9s d\u00e9velopp\u00e9es, nous avons souvent tendance \u00e0 penser que les injustices seront combl\u00e9es par les seules initiatives de l\u2019\u00c9tat ou des Collectivit\u00e9s territoriales. <strong>Si ces initiatives sont indispensables elles ne sont pas toujours suffisantes.&nbsp;<\/strong>C\u2019est le citoyen, l\u00e0 o\u00f9 le hasard de la vie&nbsp;le fait vivre qui doit s\u2019impliquer d\u2019une fa\u00e7on ou d\u2019une autre en apportant ce qu\u2019il peut, mais \u00e9galement ce qu\u2019il est, pour faire r\u00e9seau, et initier des solidarit\u00e9s de proximit\u00e9. Mutualiser ses comp\u00e9tences et ses savoirs faire pour promouvoir ensemble une qualit\u00e9 d\u00e9mocratique et citoyenne notamment au profit des plus d\u00e9munis. \u2028Mieux comprendre la complexit\u00e9 du monde qui nous entoure. Prendre en charge l\u00e0 o\u00f9 elles se vivent les r\u00e9alit\u00e9s de la vie, en comprendre les causes pour mieux en att\u00e9nuer les effets. <strong>Si nous souhaitons changer le monde, commen\u00e7ons&nbsp;dans notre rue, notre quartier, notre village, notre ville.<\/strong> Or ce n\u2019est pas toujours le cas et ce pour une multitude de raisons. Nos Associations entendent jouer leur r\u00f4le, \u00e0 la mesure de leurs moyens, pour pallier les lacunes de l\u2019action publique<\/p>\n\n\n\n<hr class=\"wp-block-separator has-text-color has-alpha-channel-opacity has-background\" style=\"background-color:#f8cf56;color:#f8cf56\"\/>\n\n\n\n<h5 class=\"wp-block-heading\">Notre position au regard des acteurs institutionnels<\/h5>\n\n\n\n<p>Ni le&nbsp;<strong>Relais Saint Martin<\/strong>, ni&nbsp;<strong>La Parenth\u00e8se<\/strong>, ni&nbsp;<strong>la SECA<\/strong>&nbsp;ne souhaitent en aucune fa\u00e7on se substituer aux acteurs institutionnels agissant&nbsp;dans&nbsp;le domaine du conseil ou de l\u2019assistance. Elles souhaitent plus simplement mettre \u00e0 la disposition des Travailleurs Sociaux des&nbsp;<strong>Centres M\u00e9dico-Sociaux<\/strong>&nbsp;et des&nbsp;<strong>CCAS<\/strong>&nbsp;qui \u0153uvrent dans son p\u00e9rim\u00e8tre d\u2019activit\u00e9, des outils de proximit\u00e9 suffisamment r\u00e9actifs appliquant des proc\u00e9dures simples.\u2028Nos actions sont le plus souvent men\u00e9es conjointement avec les acteurs institutionnels des secteurs concern\u00e9s, dont les avis et instructions restent pour nous d\u00e9terminants.\u2028 <br><strong>Les trois associations concern\u00e9es essaient ainsi <font color=\"#FFAA00\">de&nbsp;promouvoir localement une d\u00e9mocratie&nbsp;d\u2019implication citoyenne<\/font>&nbsp;fond\u00e9e sur l\u2019\u00e9gale dignit\u00e9 de chacun.<\/strong><\/p>\n\n\n\n<p><\/p>\n","protected":false},"excerpt":{"rendered":"<p>Trois Associations ind\u00e9pendantes: Le&nbsp;Relais Saint Martin,&nbsp;La Parenth\u00e8se,&nbsp;Solidarit\u00e9 \u2013 \u00c9coute- Conseil \u2013 Accompagnement, SECA.&nbsp; Fond\u00e9es par des Femmes et des Hommes vivant sur un m\u00eame territoire, et souhaitant additionner leurs moyens et leurs comp\u00e9tences pour promouvoir une d\u00e9mocratie d\u2019implication locale et citoyenne au profit d\u2019une communaut\u00e9 qui n\u2019oublie personne. Cr\u00e9\u00e9es entre 1996 et 2012,&nbsp;ces trois associations &#8230; <a title=\"Qui sommes nous?\" class=\"read-more\" href=\"https:\/\/terroir-solidaire.org\/index.php\/qui-sommes-nous\/\" aria-label=\"En savoir plus sur Qui sommes nous?\">Lire la suite<\/a><\/p>\n","protected":false},"author":1,"featured_media":0,"parent":0,"menu_order":0,"comment_status":"closed","ping_status":"closed","template":"","meta":{"footnotes":""},"class_list":["post-7","page","type-page","status-publish"],"_links":{"self":[{"href":"https:\/\/terroir-solidaire.org\/index.php\/wp-json\/wp\/v2\/pages\/7","targetHints":{"allow":["GET"]}}],"collection":[{"href":"https:\/\/terroir-solidaire.org\/index.php\/wp-json\/wp\/v2\/pages"}],"about":[{"href":"https:\/\/terroir-solidaire.org\/index.php\/wp-json\/wp\/v2\/types\/page"}],"author":[{"embeddable":true,"href":"https:\/\/terroir-solidaire.org\/index.php\/wp-json\/wp\/v2\/users\/1"}],"replies":[{"embeddable":true,"href":"https:\/\/terroir-solidaire.org\/index.php\/wp-json\/wp\/v2\/comments?post=7"}],"version-history":[{"count":8,"href":"https:\/\/terroir-solidaire.org\/index.php\/wp-json\/wp\/v2\/pages\/7\/revisions"}],"predecessor-version":[{"id":46,"href":"https:\/\/terroir-solidaire.org\/index.php\/wp-json\/wp\/v2\/pages\/7\/revisions\/46"}],"wp:attachment":[{"href":"https:\/\/terroir-solidaire.org\/index.php\/wp-json\/wp\/v2\/media?parent=7"}],"curies":[{"name":"wp","href":"https:\/\/api.w.org\/{rel}","templated":true}]}}