{"id":64,"date":"2025-06-05T15:33:51","date_gmt":"2025-06-05T13:33:51","guid":{"rendered":"https:\/\/terroir-solidaire.org\/?page_id=64"},"modified":"2025-06-10T10:08:04","modified_gmt":"2025-06-10T08:08:04","slug":"la-seca","status":"publish","type":"page","link":"https:\/\/terroir-solidaire.org\/index.php\/la-seca\/","title":{"rendered":"La SECA"},"content":{"rendered":"\n<h5 class=\"wp-block-heading\" style=\"font-style:normal;font-weight:500\">Solidarit\u00e9. \u00c9coute. Conseil. Accompagnement.<\/h5>\n\n\n\n<div class=\"wp-block-group is-nowrap is-layout-flex wp-container-core-group-is-layout-ad2f72ca wp-block-group-is-layout-flex\">\n<p><strong>Si\u00e8ge social&nbsp;: P\u00f4le Multiservices &#8211; 40 rue J Lecesne \u2013 FONTAINE LE DUN 76740<\/strong><\/p>\n<\/div>\n\n\n\n<div style=\"height:35px\" aria-hidden=\"true\" class=\"wp-block-spacer\"><\/div>\n\n\n\n<div class=\"wp-block-media-text is-stacked-on-mobile is-vertically-aligned-top is-image-fill-element\"><figure class=\"wp-block-media-text__media\"><img loading=\"lazy\" decoding=\"async\" width=\"200\" height=\"300\" src=\"https:\/\/terroir-solidaire.org\/wp-content\/uploads\/2025\/06\/\u00a9-gina-sanders-fotoliacom-200x300.jpg\" alt=\"\" class=\"wp-image-65 size-full\" style=\"object-position:50% 50%\" srcset=\"https:\/\/terroir-solidaire.org\/wp-content\/uploads\/2025\/06\/\u00a9-gina-sanders-fotoliacom-200x300.jpg 200w, https:\/\/terroir-solidaire.org\/wp-content\/uploads\/2025\/06\/\u00a9-gina-sanders-fotoliacom.jpg 459w\" sizes=\"auto, (max-width: 200px) 100vw, 200px\" \/><\/figure><div class=\"wp-block-media-text__content\">\n<p>L\u2019association cr\u00e9e en 2012, a pour objet d\u2019accueillir, d\u2019informer et de conseiller, les personnes en difficult\u00e9 financi\u00e8re et administrative, en premier lieu celles en situation de surendettement et de rechercher avec elles des solutions \u00e0 leurs difficult\u00e9s.<\/p>\n\n\n\n<p>L\u2019association se propose en favorisant l\u2019\u00e9coute et l\u2019accompagnement des personnes ou des familles concern\u00e9es, de r\u00e9duire les situations d\u2019isolement et de d\u00e9gradation de la vie familiale qui sont trop souvent les cons\u00e9quences des situations de surendettement ou de difficult\u00e9s financi\u00e8res.<\/p>\n\n\n\n<p>Elle se propose \u00e9galement sur la demande des personnes ayant sollicit\u00e9 leur accompagnement et avec leur accord express, d\u2019intervenir dans les proc\u00e9dures administratives n\u00e9cessaires li\u00e9es aux probl\u00e8mes de surendettement, ainsi que dans la recherche de solutions plus favorables avec les cr\u00e9anciers.<\/p>\n<\/div><\/div>\n\n\n\n<p><\/p>\n\n\n\n<p><strong><font color=\"#FFAA00\">L\u2019association contribue au profit&nbsp;des personnes et des familles<\/font> \u00e0 une meilleure information concernant&nbsp;les sollicitations consum\u00e9ristes.<\/strong><br>Elle les informe sur les pratiques de certains organismes de cr\u00e9dit et leurs pratiques, elle s\u2019attache dans ce domaine \u00e0 mettre en place des actions de pr\u00e9ventions.<br>Les fondateurs de la SECA n\u2019entendent aucunement se substituer aux Travailleurs Sociaux des Centres sociaux concern\u00e9s (Cany-Barville, Saint Val\u00e9ry en Caux, Fontaine Le Dun), mais bien au contraire mettre \u00e0 leur disposition un outil suppl\u00e9mentaire, r\u00e9actif et de proximit\u00e9.<\/p>\n\n\n\n<p><\/p>\n","protected":false},"excerpt":{"rendered":"<p>Solidarit\u00e9. \u00c9coute. Conseil. Accompagnement. Si\u00e8ge social&nbsp;: P\u00f4le Multiservices &#8211; 40 rue J Lecesne \u2013 FONTAINE LE DUN 76740 L\u2019association cr\u00e9e en 2012, a pour objet d\u2019accueillir, d\u2019informer et de conseiller, les personnes en difficult\u00e9 financi\u00e8re et administrative, en premier lieu celles en situation de surendettement et de rechercher avec elles des solutions \u00e0 leurs difficult\u00e9s. &#8230; <a title=\"La SECA\" class=\"read-more\" href=\"https:\/\/terroir-solidaire.org\/index.php\/la-seca\/\" aria-label=\"En savoir plus sur La SECA\">Lire la suite<\/a><\/p>\n","protected":false},"author":1,"featured_media":0,"parent":0,"menu_order":0,"comment_status":"closed","ping_status":"closed","template":"","meta":{"footnotes":""},"class_list":["post-64","page","type-page","status-publish"],"_links":{"self":[{"href":"https:\/\/terroir-solidaire.org\/index.php\/wp-json\/wp\/v2\/pages\/64","targetHints":{"allow":["GET"]}}],"collection":[{"href":"https:\/\/terroir-solidaire.org\/index.php\/wp-json\/wp\/v2\/pages"}],"about":[{"href":"https:\/\/terroir-solidaire.org\/index.php\/wp-json\/wp\/v2\/types\/page"}],"author":[{"embeddable":true,"href":"https:\/\/terroir-solidaire.org\/index.php\/wp-json\/wp\/v2\/users\/1"}],"replies":[{"embeddable":true,"href":"https:\/\/terroir-solidaire.org\/index.php\/wp-json\/wp\/v2\/comments?post=64"}],"version-history":[{"count":16,"href":"https:\/\/terroir-solidaire.org\/index.php\/wp-json\/wp\/v2\/pages\/64\/revisions"}],"predecessor-version":[{"id":241,"href":"https:\/\/terroir-solidaire.org\/index.php\/wp-json\/wp\/v2\/pages\/64\/revisions\/241"}],"wp:attachment":[{"href":"https:\/\/terroir-solidaire.org\/index.php\/wp-json\/wp\/v2\/media?parent=64"}],"curies":[{"name":"wp","href":"https:\/\/api.w.org\/{rel}","templated":true}]}}