{"id":56,"date":"2025-06-05T15:18:00","date_gmt":"2025-06-05T13:18:00","guid":{"rendered":"https:\/\/terroir-solidaire.org\/?page_id=56"},"modified":"2025-06-05T15:26:11","modified_gmt":"2025-06-05T13:26:11","slug":"la-parenthese","status":"publish","type":"page","link":"https:\/\/terroir-solidaire.org\/index.php\/la-parenthese\/","title":{"rendered":"La Parenth\u00e8se"},"content":{"rendered":"\n<h5 class=\"wp-block-heading\" id=\"u380-5\"><strong>Si\u00e8ge social&nbsp;: 5 all\u00e9e Clos Saint-Martin 76980 Veules-les-Roses<\/strong><\/h5>\n\n\n\n<p id=\"u380-8\">L\u2019association cr\u00e9e en 2010, a pour objet de procurer dans l\u2019urgence aux personnes en rupture provisoire avec leur milieu familial, un lieu de vie leur permettant de briser la spirale des conflits qu\u2019elles subissent. Il permet aux Travailleurs Sociaux concern\u00e9s des cantons de St Val\u00e9ry en Caux, Fontaine-le-Dun et Cany-Barville, ou autres Intervenants reconnus par l\u2019association, de garder le contact avec les personnes qu\u2019ils conseillent et de disposer dans un p\u00e9rim\u00e8tre de proximit\u00e9, du temps n\u00e9cessaire \u00e0 l\u2019\u00e9tude et \u00e0 la mise en place de solutions correspondantes aux difficult\u00e9s des personnes accueillies.<br>L\u2019association dispose de 2 appartements, \u00e0 savoir,<br>&nbsp;<br>i) dans le centre de St Val\u00e9ry en Caux&nbsp;<strong>d\u2019un&nbsp;appartement de deux pi\u00e8ces et sanitaires,&nbsp;bien \u00e9quip\u00e9 \u00e0 proximit\u00e9 des commerces et des services,&nbsp;et permettant d\u2019accueillir&nbsp;un ou deux adultes et enfants.<\/strong><br>La mise \u00e0 disposition s\u2019entend pour une dur\u00e9e de 15 jours renouvelable en fonction des circonstances. La Parenth\u00e8se b\u00e9n\u00e9ficie d\u2019un bail courant pour un montant d\u2019un euro symbolique par an. Les investissements y compris immobilier ont \u00e9t\u00e9 assur\u00e9s par un collectif de donateurs locaux anonymes. La gestion de l\u2019appartement est assur\u00e9e par les membres de l\u2019association. <br><br>ii) \u00e0 Cany-Barville, un appartement de 3 pi\u00e8ces principales permettant d\u2019accueillir jusqu\u2019\u00e0 4 personnes.<\/p>\n\n\n\n<p>La parenth\u00e8se n\u2019a b\u00e9n\u00e9fici\u00e9 d\u2019aucune subvention publique pour ses investissements. Cependant, reconnue par la&nbsp;<strong>Direction D\u00e9partementale de l\u2019Emploi du Travail et des Solidarit\u00e9s \u2013 DDETS<\/strong>, comme acteur du logement d\u2019urgence, elle per\u00e7oit une aide au fonctionnement de&nbsp;3180 \u20ac&nbsp;par an, attribu\u00e9e par l\u2019\u00c9tat \u00e0 tous logements d\u2019urgence de cette cat\u00e9gorie.<\/p>\n\n\n\n<figure class=\"wp-block-image size-full\"><img loading=\"lazy\" decoding=\"async\" width=\"903\" height=\"531\" src=\"https:\/\/terroir-solidaire.org\/wp-content\/uploads\/2025\/06\/fotolia_72869333_s.jpg\" alt=\"\" class=\"wp-image-62\" srcset=\"https:\/\/terroir-solidaire.org\/wp-content\/uploads\/2025\/06\/fotolia_72869333_s.jpg 903w, https:\/\/terroir-solidaire.org\/wp-content\/uploads\/2025\/06\/fotolia_72869333_s-300x176.jpg 300w, https:\/\/terroir-solidaire.org\/wp-content\/uploads\/2025\/06\/fotolia_72869333_s-768x452.jpg 768w\" sizes=\"auto, (max-width: 903px) 100vw, 903px\" \/><\/figure>\n","protected":false},"excerpt":{"rendered":"<p>Si\u00e8ge social&nbsp;: 5 all\u00e9e Clos Saint-Martin 76980 Veules-les-Roses L\u2019association cr\u00e9e en 2010, a pour objet de procurer dans l\u2019urgence aux personnes en rupture provisoire avec leur milieu familial, un lieu de vie leur permettant de briser la spirale des conflits qu\u2019elles subissent. Il permet aux Travailleurs Sociaux concern\u00e9s des cantons de St Val\u00e9ry en Caux, &#8230; <a title=\"La Parenth\u00e8se\" class=\"read-more\" href=\"https:\/\/terroir-solidaire.org\/index.php\/la-parenthese\/\" aria-label=\"En savoir plus sur La Parenth\u00e8se\">Lire la suite<\/a><\/p>\n","protected":false},"author":1,"featured_media":0,"parent":0,"menu_order":0,"comment_status":"closed","ping_status":"closed","template":"","meta":{"footnotes":""},"class_list":["post-56","page","type-page","status-publish"],"_links":{"self":[{"href":"https:\/\/terroir-solidaire.org\/index.php\/wp-json\/wp\/v2\/pages\/56","targetHints":{"allow":["GET"]}}],"collection":[{"href":"https:\/\/terroir-solidaire.org\/index.php\/wp-json\/wp\/v2\/pages"}],"about":[{"href":"https:\/\/terroir-solidaire.org\/index.php\/wp-json\/wp\/v2\/types\/page"}],"author":[{"embeddable":true,"href":"https:\/\/terroir-solidaire.org\/index.php\/wp-json\/wp\/v2\/users\/1"}],"replies":[{"embeddable":true,"href":"https:\/\/terroir-solidaire.org\/index.php\/wp-json\/wp\/v2\/comments?post=56"}],"version-history":[{"count":4,"href":"https:\/\/terroir-solidaire.org\/index.php\/wp-json\/wp\/v2\/pages\/56\/revisions"}],"predecessor-version":[{"id":63,"href":"https:\/\/terroir-solidaire.org\/index.php\/wp-json\/wp\/v2\/pages\/56\/revisions\/63"}],"wp:attachment":[{"href":"https:\/\/terroir-solidaire.org\/index.php\/wp-json\/wp\/v2\/media?parent=56"}],"curies":[{"name":"wp","href":"https:\/\/api.w.org\/{rel}","templated":true}]}}