{"id":47,"date":"2025-06-05T14:47:45","date_gmt":"2025-06-05T12:47:45","guid":{"rendered":"https:\/\/terroir-solidaire.org\/?page_id=47"},"modified":"2025-06-05T16:16:01","modified_gmt":"2025-06-05T14:16:01","slug":"le-relais-saint-martin","status":"publish","type":"page","link":"https:\/\/terroir-solidaire.org\/index.php\/le-relais-saint-martin\/","title":{"rendered":"Le Relais Saint-Martin"},"content":{"rendered":"\n<h5 class=\"wp-block-heading\">Si\u00e8ge social&nbsp;: 5 all\u00e9e Clos Saint-Martin 76980 Veules-les-Roses<\/h5>\n\n\n\n<p id=\"u378-8\">Cr\u00e9\u00e9 sous forme associative en 1996, le relais St Martin a pour objet d\u2019apporter un soutien financier sous forme de dons ou de pr\u00eats \u00e0 taux z\u00e9ro (sans int\u00e9r\u00eats) aux personnes ou familles en difficult\u00e9.<br>Ces aides, qui viennent \u00e9ventuellement en appui des aides institutionnelles (publiques), pr\u00e9sentent la particularit\u00e9 de pouvoir \u00eatre lib\u00e9r\u00e9es en quelques heures si la situation l\u2019exige. En effet les caract\u00e9ristiques essentielles du Relais St Martin r\u00e9sident dans sa r\u00e9activit\u00e9 (les besoins alimentaires imm\u00e9diats ne peuvent \u00eatre satisfaits par une aide dont l\u2019obtention exige un passage en commission synonyme de d\u00e9lai), la simplicit\u00e9 de ses proc\u00e9dures d\u2019attribution et la disponibilit\u00e9 de ses membres actifs.<\/p>\n\n\n\n<p><strong>Le Relais St Martin qui limite volontairement son action \u00e0 un territoire bien d\u00e9fini ne per\u00e7oit pas de subvention d\u2019argent public hormis une aide de la Communaut\u00e9 de Communes de la C\u00f4te d\u2019Alb\u00e2tre.<br><\/strong><strong><font color=\"#FFAA00\">Il n\u2019a pas de frais de gestion.<\/font> &nbsp;<br><\/strong><strong>La totalit\u00e9 de ses ressources est consacr\u00e9e \u00e0 ses actions.<\/strong> Ces ressources sont essentiellement constitu\u00e9es des dons de ses sympathisants et des actions qu\u2019il initie au cours de l\u2019ann\u00e9e compl\u00e9t\u00e9es par la subvention de la Communaut\u00e9 de Communes.<\/p>\n\n\n\n<p><strong>Un aper\u00e7u de ses activit\u00e9s peut \u00eatre vu dans le Proc\u00e8s-Verbal de l\u2019Assembl\u00e9e G\u00e9n\u00e9rale 2024, dans la rubrique \u00ab&nbsp;actualit\u00e9s&nbsp;\u00bb ci-apr\u00e8s.<\/strong><br>&nbsp;<br><strong>Il est intervenu en 2024 au b\u00e9n\u00e9fice <font color=\"#FFAA00\">pr\u00e8s de 300 familles ou personnes isol\u00e9es pour un montant global d\u00e9passant 30 000.00 \u20ac.<\/font><\/strong><\/p>\n\n\n\n<div class=\"wp-block-group is-layout-grid wp-container-core-group-is-layout-baef362d wp-block-group-is-layout-grid\">\n<figure class=\"wp-block-image size-full\"><img loading=\"lazy\" decoding=\"async\" width=\"428\" height=\"184\" src=\"https:\/\/terroir-solidaire.org\/wp-content\/uploads\/2025\/06\/main-st-martin.jpg\" alt=\"\" class=\"wp-image-48\" srcset=\"https:\/\/terroir-solidaire.org\/wp-content\/uploads\/2025\/06\/main-st-martin.jpg 428w, https:\/\/terroir-solidaire.org\/wp-content\/uploads\/2025\/06\/main-st-martin-300x129.jpg 300w\" sizes=\"auto, (max-width: 428px) 100vw, 428px\" \/><\/figure>\n\n\n\n<figure class=\"wp-block-image size-full\"><img loading=\"lazy\" decoding=\"async\" width=\"381\" height=\"218\" src=\"https:\/\/terroir-solidaire.org\/wp-content\/uploads\/2025\/06\/billet.jpg\" alt=\"\" class=\"wp-image-49\" srcset=\"https:\/\/terroir-solidaire.org\/wp-content\/uploads\/2025\/06\/billet.jpg 381w, https:\/\/terroir-solidaire.org\/wp-content\/uploads\/2025\/06\/billet-300x172.jpg 300w\" sizes=\"auto, (max-width: 381px) 100vw, 381px\" \/><\/figure>\n<\/div>\n\n\n\n<p><\/p>\n","protected":false},"excerpt":{"rendered":"<p>Si\u00e8ge social&nbsp;: 5 all\u00e9e Clos Saint-Martin 76980 Veules-les-Roses Cr\u00e9\u00e9 sous forme associative en 1996, le relais St Martin a pour objet d\u2019apporter un soutien financier sous forme de dons ou de pr\u00eats \u00e0 taux z\u00e9ro (sans int\u00e9r\u00eats) aux personnes ou familles en difficult\u00e9.Ces aides, qui viennent \u00e9ventuellement en appui des aides institutionnelles (publiques), pr\u00e9sentent la &#8230; <a title=\"Le Relais Saint-Martin\" class=\"read-more\" href=\"https:\/\/terroir-solidaire.org\/index.php\/le-relais-saint-martin\/\" aria-label=\"En savoir plus sur Le Relais Saint-Martin\">Lire la suite<\/a><\/p>\n","protected":false},"author":1,"featured_media":0,"parent":0,"menu_order":0,"comment_status":"closed","ping_status":"closed","template":"","meta":{"footnotes":""},"class_list":["post-47","page","type-page","status-publish"],"_links":{"self":[{"href":"https:\/\/terroir-solidaire.org\/index.php\/wp-json\/wp\/v2\/pages\/47","targetHints":{"allow":["GET"]}}],"collection":[{"href":"https:\/\/terroir-solidaire.org\/index.php\/wp-json\/wp\/v2\/pages"}],"about":[{"href":"https:\/\/terroir-solidaire.org\/index.php\/wp-json\/wp\/v2\/types\/page"}],"author":[{"embeddable":true,"href":"https:\/\/terroir-solidaire.org\/index.php\/wp-json\/wp\/v2\/users\/1"}],"replies":[{"embeddable":true,"href":"https:\/\/terroir-solidaire.org\/index.php\/wp-json\/wp\/v2\/comments?post=47"}],"version-history":[{"count":5,"href":"https:\/\/terroir-solidaire.org\/index.php\/wp-json\/wp\/v2\/pages\/47\/revisions"}],"predecessor-version":[{"id":55,"href":"https:\/\/terroir-solidaire.org\/index.php\/wp-json\/wp\/v2\/pages\/47\/revisions\/55"}],"wp:attachment":[{"href":"https:\/\/terroir-solidaire.org\/index.php\/wp-json\/wp\/v2\/media?parent=47"}],"curies":[{"name":"wp","href":"https:\/\/api.w.org\/{rel}","templated":true}]}}